{"id":5707,"date":"2015-02-19T09:48:19","date_gmt":"2015-02-19T09:48:19","guid":{"rendered":"http:\/\/demo2.wpresidence.net\/?page_id=5707"},"modified":"2015-02-19T09:48:19","modified_gmt":"2015-02-19T09:48:19","slug":"contate-nos","status":"publish","type":"page","link":"https:\/\/demo.alexogola.co.uk\/real-estate-34\/contate-nos\/","title":{"rendered":"Contato"},"content":{"rendered":"\n<p>Quer esteja \u00e0 procura de um im\u00f3vel \u00e0 venda na zona de Lisboa ou de um im\u00f3vel para alugar, o WP Residence torna a pesquisa f\u00e1cil. Use nosso recurso exclusivo de mapeamento de geolocaliza\u00e7\u00e3o para localizar sua villa, casa em banda ou apartamento ideal e entre em contato diretamente com os propriet\u00e1rios. Vamos ajud\u00e1-lo a encontrar a casa dos seus sonhos em apenas alguns segundos.<\/p>\n\n\n\n<div style=\"height:29px\" aria-hidden=\"true\" class=\"wp-block-spacer\"><\/div>\n\n\n\n<p>Oferecemos aos nossos clientes um vasto conhecimento sobre todos os aspectos da compra ou venda de uma casa. Quer seja ajudando na procura da sua casa de sonho, discutindo novos empreendimentos imobili\u00e1rios em Lisboa, ou ajudando na venda do seu im\u00f3vel, adorar\u00edamos ter a oportunidade de ajudar. Sinta-se \u00e0 vontade para nos contatar em caso de d\u00favidas!<\/p>\n","protected":false},"excerpt":{"rendered":"<p>Quer esteja \u00e0 procura de um im\u00f3vel \u00e0 venda na zona de Lisboa ou de um im\u00f3vel para alugar, o WP Residence torna a pesquisa f\u00e1cil. Use nosso recurso exclusivo de mapeamento de geolocaliza\u00e7\u00e3o para localizar sua villa, casa em banda ou apartamento ideal e entre em contato diretamente com os propriet\u00e1rios. Vamos ajud\u00e1-lo a encontrar a casa dos seus sonhos em apenas alguns &#8230;<\/p>\n","protected":false},"author":1,"featured_media":0,"parent":0,"menu_order":0,"comment_status":"open","ping_status":"open","template":"contact_page.php","meta":{"footnotes":""},"class_list":["post-5707","page","type-page","status-publish","hentry"],"_links":{"self":[{"href":"https:\/\/demo.alexogola.co.uk\/real-estate-34\/wp-json\/wp\/v2\/pages\/5707","targetHints":{"allow":["GET"]}}],"collection":[{"href":"https:\/\/demo.alexogola.co.uk\/real-estate-34\/wp-json\/wp\/v2\/pages"}],"about":[{"href":"https:\/\/demo.alexogola.co.uk\/real-estate-34\/wp-json\/wp\/v2\/types\/page"}],"author":[{"embeddable":true,"href":"https:\/\/demo.alexogola.co.uk\/real-estate-34\/wp-json\/wp\/v2\/users\/1"}],"replies":[{"embeddable":true,"href":"https:\/\/demo.alexogola.co.uk\/real-estate-34\/wp-json\/wp\/v2\/comments?post=5707"}],"version-history":[{"count":0,"href":"https:\/\/demo.alexogola.co.uk\/real-estate-34\/wp-json\/wp\/v2\/pages\/5707\/revisions"}],"wp:attachment":[{"href":"https:\/\/demo.alexogola.co.uk\/real-estate-34\/wp-json\/wp\/v2\/media?parent=5707"}],"curies":[{"name":"wp","href":"https:\/\/api.w.org\/{rel}","templated":true}]}}