{"id":5707,"date":"2015-02-19T09:48:19","date_gmt":"2015-02-19T09:48:19","guid":{"rendered":"http:\/\/demo2.wpresidence.net\/?page_id=5707"},"modified":"2015-02-19T09:48:19","modified_gmt":"2015-02-19T09:48:19","slug":"contact","status":"publish","type":"page","link":"https:\/\/demo.alexogola.co.uk\/real-estate-35\/contact\/","title":{"rendered":"Contact"},"content":{"rendered":"\n<p>Que vous recherchez un bien \u00e0 vendre en r\u00e9gion parisienne ou un bien \u00e0 louer, WP Residence facilite la recherche. Nous vous aideront \u00e0 trouver la maison de vos r\u00eaves en quelques secondes.<\/p>\n\n\n\n<div style=\"height:20px\" aria-hidden=\"true\" class=\"wp-block-spacer\"><\/div>\n\n\n\n<p>Nous offrons \u00e0 nos clients une mine de connaissances sur tous les aspects de l&#8217;achat ou de la vente d&#8217;une maison.<\/p>\n\n\n\n<div style=\"height:20px\" aria-hidden=\"true\" class=\"wp-block-spacer\"><\/div>\n\n\n\n<p>Que ce soit pour vous aider \u00e0 rechercher la maison de vos r\u00eaves, discuter de nouveaux d\u00e9veloppements immobiliers \u00e0 Paris ou assister \u00e0 la vente de votre propri\u00e9t\u00e9, nous serions ravis de pouvoir vous aider. N&#8217;h\u00e9sitez pas \u00e0 nous contacter pour toutes questions.<\/p>\n","protected":false},"excerpt":{"rendered":"<p>Que vous recherchez un bien \u00e0 vendre en r\u00e9gion parisienne ou un bien \u00e0 louer, WP Residence facilite la recherche. Nous vous aideront \u00e0 trouver la maison de vos r\u00eaves en quelques secondes. Nous offrons \u00e0 nos clients une mine de connaissances sur tous les aspects de l&#8217;achat ou de la vente d&#8217;une maison. Que ce soit pour vous aider \u00e0 rechercher la maison &#8230;<\/p>\n","protected":false},"author":1,"featured_media":0,"parent":0,"menu_order":0,"comment_status":"open","ping_status":"open","template":"contact_page.php","meta":{"footnotes":""},"class_list":["post-5707","page","type-page","status-publish","hentry"],"_links":{"self":[{"href":"https:\/\/demo.alexogola.co.uk\/real-estate-35\/wp-json\/wp\/v2\/pages\/5707","targetHints":{"allow":["GET"]}}],"collection":[{"href":"https:\/\/demo.alexogola.co.uk\/real-estate-35\/wp-json\/wp\/v2\/pages"}],"about":[{"href":"https:\/\/demo.alexogola.co.uk\/real-estate-35\/wp-json\/wp\/v2\/types\/page"}],"author":[{"embeddable":true,"href":"https:\/\/demo.alexogola.co.uk\/real-estate-35\/wp-json\/wp\/v2\/users\/1"}],"replies":[{"embeddable":true,"href":"https:\/\/demo.alexogola.co.uk\/real-estate-35\/wp-json\/wp\/v2\/comments?post=5707"}],"version-history":[{"count":0,"href":"https:\/\/demo.alexogola.co.uk\/real-estate-35\/wp-json\/wp\/v2\/pages\/5707\/revisions"}],"wp:attachment":[{"href":"https:\/\/demo.alexogola.co.uk\/real-estate-35\/wp-json\/wp\/v2\/media?parent=5707"}],"curies":[{"name":"wp","href":"https:\/\/api.w.org\/{rel}","templated":true}]}}