{"id":5707,"date":"2015-02-19T09:48:19","date_gmt":"2015-02-19T09:48:19","guid":{"rendered":"http:\/\/demo2.wpresidence.net\/?page_id=5707"},"modified":"2015-02-19T09:48:19","modified_gmt":"2015-02-19T09:48:19","slug":"kontakt","status":"publish","type":"page","link":"https:\/\/demo.alexogola.co.uk\/real-estate-37\/kontakt\/","title":{"rendered":"Kontakt"},"content":{"rendered":"\n<p>Egal, ob Sie eine Immobilie zum Verkauf in der Region Berlin oder eine Immobilie zur Miete suchen, WP Residence erleichtert Ihnen die Suche. Verwenden Sie unsere einzigartige Geolocation-Kartierungsfunktion, um Ihre ideale Villa, Ihr Stadthaus oder Ihre Wohnung auszurotten, und wenden Sie sich direkt an die Eigent\u00fcmer. Wir helfen Ihnen in wenigen Sekunden, Ihr Traumhaus zu finden.<\/p>\n\n\n\n<div style=\"height:30px\" aria-hidden=\"true\" class=\"wp-block-spacer\"><\/div>\n\n\n\n<p>Wir bieten unseren Kunden eine F\u00fclle von Kenntnissen in Bezug auf alle Aspekte des Kaufs oder Verkaufs eines Eigenheims. Ob es Ihnen hilft, nach Ihrem Traumhaus zu suchen, neue Berliner Immobilienentwicklungen zu besprechen oder beim Verkauf Ihrer Immobilie zu helfen, wir w\u00fcrden uns freuen, Ihnen helfen zu k\u00f6nnen. Bei Fragen k\u00f6nnen Sie sich gerne an uns wenden!<\/p>\n","protected":false},"excerpt":{"rendered":"<p>Egal, ob Sie eine Immobilie zum Verkauf in der Region Berlin oder eine Immobilie zur Miete suchen, WP Residence erleichtert Ihnen die Suche. Verwenden Sie unsere einzigartige Geolocation-Kartierungsfunktion, um Ihre ideale Villa, Ihr Stadthaus oder Ihre Wohnung auszurotten, und wenden Sie sich direkt an die Eigent\u00fcmer. Wir helfen Ihnen in wenigen Sekunden, Ihr Traumhaus zu finden. Wir bieten unseren Kunden eine F\u00fclle von Kenntnissen &#8230;<\/p>\n","protected":false},"author":1,"featured_media":0,"parent":0,"menu_order":0,"comment_status":"open","ping_status":"open","template":"contact_page.php","meta":{"footnotes":""},"class_list":["post-5707","page","type-page","status-publish","hentry"],"_links":{"self":[{"href":"https:\/\/demo.alexogola.co.uk\/real-estate-37\/wp-json\/wp\/v2\/pages\/5707","targetHints":{"allow":["GET"]}}],"collection":[{"href":"https:\/\/demo.alexogola.co.uk\/real-estate-37\/wp-json\/wp\/v2\/pages"}],"about":[{"href":"https:\/\/demo.alexogola.co.uk\/real-estate-37\/wp-json\/wp\/v2\/types\/page"}],"author":[{"embeddable":true,"href":"https:\/\/demo.alexogola.co.uk\/real-estate-37\/wp-json\/wp\/v2\/users\/1"}],"replies":[{"embeddable":true,"href":"https:\/\/demo.alexogola.co.uk\/real-estate-37\/wp-json\/wp\/v2\/comments?post=5707"}],"version-history":[{"count":0,"href":"https:\/\/demo.alexogola.co.uk\/real-estate-37\/wp-json\/wp\/v2\/pages\/5707\/revisions"}],"wp:attachment":[{"href":"https:\/\/demo.alexogola.co.uk\/real-estate-37\/wp-json\/wp\/v2\/media?parent=5707"}],"curies":[{"name":"wp","href":"https:\/\/api.w.org\/{rel}","templated":true}]}}