{"id":18153,"date":"2014-05-24T13:54:01","date_gmt":"2014-05-24T13:54:01","guid":{"rendered":"http:\/\/wpresidence.net\/?page_id=13"},"modified":"2014-05-24T13:54:01","modified_gmt":"2014-05-24T13:54:01","slug":"privacy-e-cookie-policy","status":"publish","type":"page","link":"https:\/\/demo.alexogola.co.uk\/real-estate-38\/privacy-e-cookie-policy\/","title":{"rendered":"Privacy e Cookie Policy"},"content":{"rendered":"<p>La presente Informativa sulla privacy regola il modo in cui il tema WordPress di Real Estate raccoglie, utilizza, conserva e divulga le informazioni raccolte dagli utenti (ciascuno, un &#8220;Utente&#8221;) del sito web (&#8220;Sito&#8221;). Questa politica sulla privacy si applica al sito ea tutti i prodotti e servizi offerti da Real Estate WordPress Theme.<\/p>\n<p>Informazioni di identificazione personale<\/p>\n<p>Possiamo raccogliere informazioni di identificazione personale dagli utenti in una variet\u00e0 di modi in relazione ad attivit\u00e0, servizi, funzionalit\u00e0 o risorse che rendiamo disponibili sul nostro sito. Gli utenti possono visitare il nostro sito in modo anonimo. Raccoglieremo informazioni di identificazione personale dagli utenti solo se ci inviano volontariamente tali informazioni. Gli utenti possono sempre rifiutarsi di fornire informazioni di identificazione personale, salvo che ci\u00f2 possa impedire loro di impegnarsi in determinate attivit\u00e0 relative al sito.<\/p>\n<p>Informazioni di identificazione non personali<\/p>\n<p>Possiamo raccogliere informazioni di identificazione non personali sugli utenti ogni volta che interagiscono con il nostro sito. Le informazioni di identificazione non personali possono includere il nome del browser, il tipo di computer e le informazioni tecniche sui mezzi di connessione degli utenti al nostro sito, come il sistema operativo e i fornitori di servizi Internet utilizzati e altre informazioni simili.<\/p>\n<p>Cookie del browser web<\/p>\n<p>Il nostro sito pu\u00f2 utilizzare &#8220;cookie&#8221; per migliorare l&#8217;esperienza dell&#8217;utente. Il browser web dell&#8217;utente inserisce i cookie sul proprio disco rigido per scopi di archiviazione e talvolta per tenere traccia delle informazioni su di loro. L&#8217;utente pu\u00f2 scegliere di impostare il proprio browser web in modo da rifiutare i cookie o per avvisarti quando i cookie vengono inviati. In tal caso, tieni presente che alcune parti del Sito potrebbero non funzionare correttamente.<\/p>\n<p>Come proteggiamo le tue informazioni<\/p>\n<p>Adottiamo adeguate pratiche di raccolta, archiviazione ed elaborazione dei dati e misure di sicurezza per proteggere da accessi non autorizzati, alterazione, divulgazione o distruzione delle vostre informazioni personali, nome utente, password, informazioni sulle transazioni e dati memorizzati sul nostro sito.<\/p>\n<p>Condivisione delle tue informazioni personali<\/p>\n<p>Non vendiamo, scambiamo o affittiamo le informazioni di identificazione personale degli utenti ad altri. Possiamo condividere informazioni demografiche aggregate generiche non collegate a informazioni di identificazione personale riguardanti visitatori e utenti con i nostri partner commerciali, affiliati di fiducia e inserzionisti per le finalit\u00e0 sopra descritte.<\/p>\n<p>Modifiche alla presente informativa sulla privacy<\/p>\n<p>Il tema WordPress per immobili ha la facolt\u00e0 di aggiornare la presente informativa sulla privacy in qualsiasi momento. Quando lo faremo, rivedremo la data aggiornata in fondo a questa pagina. Incoraggiamo gli utenti a controllare frequentemente questa pagina per eventuali modifiche per rimanere informati su come stiamo contribuendo a proteggere le informazioni personali che raccogliamo. Riconosci e accetti che \u00e8 tua responsabilit\u00e0 rivedere periodicamente la presente informativa sulla privacy e prendere conoscenza delle modifiche.<\/p>\n<p>La tua accettazione di questi termini<\/p>\n<p>Utilizzando questo sito, dichiari di accettare questa politica. Se non accetti questa politica, ti preghiamo di non utilizzare il nostro sito. L&#8217;uso continuato del sito dopo la pubblicazione di modifiche a questa politica sar\u00e0 considerato l&#8217;accettazione di tali modifiche.<\/p>\n","protected":false},"excerpt":{"rendered":"<p>La presente Informativa sulla privacy regola il modo in cui il tema WordPress di Real Estate raccoglie, utilizza, conserva e divulga le informazioni raccolte dagli utenti (ciascuno, un &#8220;Utente&#8221;) del sito web (&#8220;Sito&#8221;). Questa politica sulla privacy si applica al sito ea tutti i prodotti e servizi offerti da Real Estate WordPress Theme. Informazioni di identificazione personale Possiamo raccogliere informazioni di identificazione personale dagli &#8230;<\/p>\n","protected":false},"author":1,"featured_media":0,"parent":0,"menu_order":0,"comment_status":"closed","ping_status":"closed","template":"","meta":{"footnotes":""},"class_list":["post-18153","page","type-page","status-publish","hentry"],"_links":{"self":[{"href":"https:\/\/demo.alexogola.co.uk\/real-estate-38\/wp-json\/wp\/v2\/pages\/18153","targetHints":{"allow":["GET"]}}],"collection":[{"href":"https:\/\/demo.alexogola.co.uk\/real-estate-38\/wp-json\/wp\/v2\/pages"}],"about":[{"href":"https:\/\/demo.alexogola.co.uk\/real-estate-38\/wp-json\/wp\/v2\/types\/page"}],"author":[{"embeddable":true,"href":"https:\/\/demo.alexogola.co.uk\/real-estate-38\/wp-json\/wp\/v2\/users\/1"}],"replies":[{"embeddable":true,"href":"https:\/\/demo.alexogola.co.uk\/real-estate-38\/wp-json\/wp\/v2\/comments?post=18153"}],"version-history":[{"count":0,"href":"https:\/\/demo.alexogola.co.uk\/real-estate-38\/wp-json\/wp\/v2\/pages\/18153\/revisions"}],"wp:attachment":[{"href":"https:\/\/demo.alexogola.co.uk\/real-estate-38\/wp-json\/wp\/v2\/media?parent=18153"}],"curies":[{"name":"wp","href":"https:\/\/api.w.org\/{rel}","templated":true}]}}